{"id":18,"date":"2025-12-14T16:57:42","date_gmt":"2025-12-14T16:57:42","guid":{"rendered":"https:\/\/allonsalessentiel.fr\/?page_id=18"},"modified":"2026-02-18T19:48:35","modified_gmt":"2026-02-18T19:48:35","slug":"prio-1-2","status":"publish","type":"page","link":"https:\/\/allonsalessentiel.fr\/","title":{"rendered":"Accueil"},"content":{"rendered":"\n<figure class=\"wp-block-image aligncenter size-full\"><img loading=\"lazy\" decoding=\"async\" width=\"467\" height=\"204\" src=\"https:\/\/allonsalessentiel.fr\/wp-content\/uploads\/2026\/01\/LOGO-DEFINITIF-SANS-FOND-saint-donan-essentiel.png\" alt=\"\" class=\"wp-image-234\" srcset=\"https:\/\/allonsalessentiel.fr\/wp-content\/uploads\/2026\/01\/LOGO-DEFINITIF-SANS-FOND-saint-donan-essentiel.png 467w, https:\/\/allonsalessentiel.fr\/wp-content\/uploads\/2026\/01\/LOGO-DEFINITIF-SANS-FOND-saint-donan-essentiel-300x131.png 300w\" sizes=\"auto, (max-width: 467px) 100vw, 467px\" \/><\/figure>\n\n\n\n<div class=\"wp-block-cover alignwide is-light has-text-color has-link-color wp-elements-aca4de4c9f9cebbf884d4520fe57812c has-aspect-ratio\" style=\"border-style:none;border-width:0px;border-top-left-radius:0px;border-top-right-radius:0px;border-bottom-left-radius:0px;border-bottom-right-radius:0px;color:#0f0f0f;padding-top:17%;padding-bottom:3rem;aspect-ratio:auto;min-height:unset;\"><img loading=\"lazy\" decoding=\"async\" width=\"2560\" height=\"1707\" class=\"wp-block-cover__image-background wp-image-221 size-full\" alt=\"\" src=\"https:\/\/allonsalessentiel.fr\/wp-content\/uploads\/2026\/01\/431-scaled.jpg\" style=\"object-position:52% 49%\" data-object-fit=\"cover\" data-object-position=\"52% 49%\" srcset=\"https:\/\/allonsalessentiel.fr\/wp-content\/uploads\/2026\/01\/431-scaled.jpg 2560w, https:\/\/allonsalessentiel.fr\/wp-content\/uploads\/2026\/01\/431-300x200.jpg 300w, https:\/\/allonsalessentiel.fr\/wp-content\/uploads\/2026\/01\/431-1024x683.jpg 1024w, https:\/\/allonsalessentiel.fr\/wp-content\/uploads\/2026\/01\/431-768x512.jpg 768w, https:\/\/allonsalessentiel.fr\/wp-content\/uploads\/2026\/01\/431-1536x1024.jpg 1536w, https:\/\/allonsalessentiel.fr\/wp-content\/uploads\/2026\/01\/431-2048x1365.jpg 2048w\" sizes=\"auto, (max-width: 2560px) 100vw, 2560px\" \/><span aria-hidden=\"true\" class=\"wp-block-cover__background has-background-dim-0 has-background-dim\" style=\"background-color:#adaaac\"><\/span><div class=\"wp-block-cover__inner-container is-layout-flow wp-block-cover-is-layout-flow\">\n<p class=\"has-text-align-center has-large-font-size\"><\/p>\n<\/div><\/div>\n\n\n\n<figure class=\"wp-block-gallery has-nested-images columns-default is-cropped wp-block-gallery-1 is-layout-flex wp-block-gallery-is-layout-flex\"><\/figure>\n\n\n\n<div class=\"wp-block-group is-nowrap is-layout-flex wp-container-core-group-is-layout-6c531013 wp-block-group-is-layout-flex\">\n<div class=\"wp-block-group has-global-padding is-content-justification-center is-layout-constrained wp-block-group-is-layout-constrained\"><\/div>\n<\/div>\n\n\n\n\n\n\n\n\n\n<div class=\"wp-block-group alignwide has-global-padding is-layout-constrained wp-block-group-is-layout-constrained\"><\/div>\n\n\n\n<div class=\"wp-block-group alignfull has-global-padding is-layout-constrained wp-container-core-group-is-layout-69b77912 wp-block-group-is-layout-constrained\" style=\"margin-top:0px;margin-bottom:0px;padding-top:0rem;padding-right:0;padding-left:0\">\n<div class=\"wp-block-columns is-layout-flex wp-container-core-columns-is-layout-9a69a8c5 wp-block-columns-is-layout-flex\" style=\"margin-top:0px;margin-bottom:0px;padding-right:0px;padding-left:0px\">\n<div class=\"wp-block-column is-vertically-aligned-center is-layout-flow wp-block-column-is-layout-flow\" style=\"padding-right:0px;padding-left:0px;flex-basis:50%\">\n\n\n<div class=\"wp-block-group is-vertical is-content-justification-stretch is-layout-flex wp-container-core-group-is-layout-e02889a6 wp-block-group-is-layout-flex\" style=\"margin-top:0px;margin-bottom:2rem;padding-right:1rem;padding-left:1rem;line-height:0.5\">\n\n\n\n\n\n\n<div class=\"wp-block-group is-vertical is-content-justification-stretch is-layout-flex wp-container-core-group-is-layout-e02889a6 wp-block-group-is-layout-flex\" style=\"margin-top:0px;margin-bottom:2rem;padding-right:1rem;padding-left:1rem;line-height:0.5\">\n<h2 class=\"wp-block-heading has-text-align-center has-text-color has-young-serif-regular-font-family\" style=\"color:#141e31;margin-bottom:0rem;padding-top:var(--wp--preset--spacing--60);padding-bottom:0px;font-size:clamp(1.743rem, 1.743rem + ((1vw - 0.2rem) * 2.285), 3rem);font-style:normal;font-weight:400;line-height:1.1;text-transform:uppercase\">Parce que nous avons tous choisi St-donan<\/h2>\n\n\n\n<figure class=\"wp-block-image size-large is-resized\"><img decoding=\"async\" src=\"https:\/\/tyler.com\/wp-content\/uploads\/2023\/11\/stone-line.svg\" alt=\"\" class=\"wp-image-1468\" style=\"object-fit:cover;width:200px;height:3px\"\/><\/figure>\n\n\n\n\n\n<p class=\"has-text-align-center has-text-color\" style=\"color:#3f3f3f;font-size:clamp(1.25rem, 1.25rem + ((1vw - 0.2rem) * 1.364), 2rem);font-style:normal;font-weight:400;line-height:1.5\">Pour la proximit\u00e9 d\u2019une agglom\u00e9ration impliquant travail, commerces, \u00e9tablissements de soins, \u00e9coles\u2026 Et plus que tout, pour le choix d\u2019un vrai village avec ses maisons en pierre, sa campagne, ses chemins, sa belle nature, ses points d\u2019eau\u2026<\/p>\n\n\n\n<h2 class=\"wp-block-heading has-text-align-center has-text-color has-young-serif-regular-font-family\" style=\"color:#141e31;margin-bottom:0rem;padding-top:0;padding-bottom:0px;font-size:clamp(1.79rem, 1.79rem + ((1vw - 0.2rem) * 2.382), 3.1rem);font-style:normal;font-weight:400;line-height:1.3;text-transform:uppercase\">Nous choisissons l&#8217;essentiel !<\/h2>\n\n\n\n<p class=\"has-text-align-center has-text-color\" style=\"color:#3f3f3f;font-size:clamp(1.25rem, 1.25rem + ((1vw - 0.2rem) * 1.364), 2rem);font-style:normal;font-weight:400;line-height:1.5\">Pour ce village que nous avons choisi, que nous aimons, nous souhaitons impulser un nouvel \u00e9tat d\u2019esprit : revenir \u00e0 l\u2019essentiel ! L\u2019essentiel d\u00e9signe ce qui est b\u00e9n\u00e9fique, constructif et porteur de progr\u00e8s. C\u2019est choisir le bon sens, l\u2019efficacit\u00e9, la ma\u00eetrise des co\u00fbts et investir l\u00e0 o\u00f9 cela compte vraiment ! Entretenir est aussi essentiel que b\u00e2tir, r\u00e9parer que remplacer : c\u2019est privil\u00e9gier le bon sens plut\u00f4t que la d\u00e9pense.<\/p>\n\n\n\n\n<\/div>\n\n\n\n\n\n\n\n\n\n\n<\/div>\n<\/div>\n\n\n\n<div class=\"wp-block-column is-vertically-aligned-stretch has-background has-global-padding is-content-justification-left is-layout-constrained wp-container-core-column-is-layout-5b87479f wp-block-column-is-layout-constrained\" style=\"background-color:#b7c9b6;padding-right:0rem;padding-left:0rem\">\n<div class=\"wp-block-group is-vertical is-content-justification-center is-layout-flex wp-container-core-group-is-layout-b51cb73e wp-block-group-is-layout-flex\" style=\"margin-top:0px;margin-bottom:2rem;padding-right:1rem;padding-left:1rem;line-height:0.5\">\n\n\n\n\n\n\n<div class=\"wp-block-columns is-layout-flex wp-container-core-columns-is-layout-28f84493 wp-block-columns-is-layout-flex\">\n<div class=\"wp-block-column is-layout-flow wp-block-column-is-layout-flow\" style=\"flex-basis:100%\">\n<p><\/p>\n\n\n\n<h2 class=\"wp-block-heading has-text-align-center has-prata-regular-font-family\"><strong>L&#8217;\u00e9quipe &#8220;Pour St-Donan, allons \u00e0 l&#8217;essentiel&#8221;<\/strong><\/h2>\n\n\n\n<h2 class=\"wp-block-heading has-text-align-center has-text-color\" style=\"color:#3f3f3f;font-size:clamp(1.352rem, 1.352rem + ((1vw - 0.2rem) * 1.542), 2.2rem);\">Est riche de personnalit\u00e9s diverses et d\u2019exp\u00e9riences vari\u00e9es. Cette pluralit\u00e9 est une force : elle permet de mettre en commun comp\u00e9tences, savoir-faire et \u00e9nergies au service de l\u2019action cibl\u00e9e. Anim\u00e9e par la volont\u00e9 d\u2019\u00eatre utile et accessible, l\u2019\u00e9quipe veut agir dans un esprit constant d\u2019efficacit\u00e9 et de clart\u00e9, fid\u00e8le \u00e0 sa d\u00e9marche : aller \u00e0 l\u2019essentiel.<\/h2>\n\n\n\n<p><\/p>\n<\/div>\n<\/div>\n\n\n\n<p><\/p>\n\n\n\n\n\n\n\n\n\n\n\n\n\n<h2 class=\"wp-block-heading has-text-align-center has-prata-regular-font-family\"><strong>Saint-Donan puise sa force<\/strong><\/h2>\n\n\n\n<h2 class=\"wp-block-heading has-text-align-center has-text-color has-link-color has-large-font-size wp-elements-dd9a627c74a2f24cf58d4512d13f2853\" style=\"color:#3f3f3f\">Dans des racines profondes ; une histoire marqu\u00e9e par un caract\u00e8re et une identit\u00e9 affirm\u00e9e qui le rend unique parmi les villages alentour.<br>C\u2019est sur cet h\u00e9ritage que nous voulons construire l\u2019avenir. Un avenir pour un village de campagne bretonne vivant, anim\u00e9 par un centre-bourg dynamique et port\u00e9 par des valeurs essentielles : la libert\u00e9, le respect et le vivre-ensemble.<\/h2>\n<\/div>\n<\/div>\n<\/div>\n<\/div>\n\n\n\n\n\n\n\n\n\n<div class=\"wp-block-cover alignfull\"><span aria-hidden=\"true\" class=\"wp-block-cover__background has-background-dim-100 has-background-dim\" style=\"background-color:#1b251b\"><\/span><div class=\"wp-block-cover__inner-container is-layout-flow wp-block-cover-is-layout-flow\">\n<div class=\"wp-block-group alignfull is-style-section-3 has-global-padding is-layout-constrained wp-container-core-group-is-layout-ca9feaad wp-block-group-is-layout-constrained\" style=\"margin-top:0;margin-bottom:0;padding-top:var(--wp--preset--spacing--60);padding-bottom:var(--wp--preset--spacing--60)\">\n<div class=\"wp-block-group alignwide has-global-padding is-layout-constrained wp-block-group-is-layout-constrained\">\n<h2 class=\"wp-block-heading alignwide has-text-align-center\">Nos rendez-vous pr\u00e8s de chez vous&#8230;<\/h2>\n<\/div>\n\n\n\n<div class=\"wp-block-group alignwide is-layout-flow wp-block-group-is-layout-flow\">\n<div class=\"wp-block-group is-layout-flow wp-block-group-is-layout-flow\">\n<div class=\"wp-block-columns alignwide is-layout-flex wp-container-core-columns-is-layout-549b0c86 wp-block-columns-is-layout-flex\">\n<div class=\"wp-block-column is-layout-flow wp-container-core-column-is-layout-5dafc681 wp-block-column-is-layout-flow\">\n<figure class=\"wp-block-image size-full\"><img loading=\"lazy\" decoding=\"async\" width=\"940\" height=\"788\" src=\"https:\/\/allonsalessentiel.fr\/wp-content\/uploads\/2026\/01\/1-2.png\" alt=\"\" class=\"wp-image-199\" srcset=\"https:\/\/allonsalessentiel.fr\/wp-content\/uploads\/2026\/01\/1-2.png 940w, https:\/\/allonsalessentiel.fr\/wp-content\/uploads\/2026\/01\/1-2-300x251.png 300w, https:\/\/allonsalessentiel.fr\/wp-content\/uploads\/2026\/01\/1-2-768x644.png 768w\" sizes=\"auto, (max-width: 940px) 100vw, 940px\" \/><\/figure>\n\n\n\n\n<\/div>\n\n\n\n<div class=\"wp-block-column is-layout-flow wp-container-core-column-is-layout-5dafc681 wp-block-column-is-layout-flow\">\n<figure class=\"wp-block-image size-full\"><img loading=\"lazy\" decoding=\"async\" width=\"940\" height=\"788\" src=\"https:\/\/allonsalessentiel.fr\/wp-content\/uploads\/2026\/01\/2-2.png\" alt=\"\" class=\"wp-image-200\" srcset=\"https:\/\/allonsalessentiel.fr\/wp-content\/uploads\/2026\/01\/2-2.png 940w, https:\/\/allonsalessentiel.fr\/wp-content\/uploads\/2026\/01\/2-2-300x251.png 300w, https:\/\/allonsalessentiel.fr\/wp-content\/uploads\/2026\/01\/2-2-768x644.png 768w\" sizes=\"auto, (max-width: 940px) 100vw, 940px\" \/><\/figure>\n\n\n\n\n<\/div>\n<\/div>\n<\/div>\n<\/div>\n\n\n\n<figure class=\"wp-block-gallery has-nested-images columns-default is-cropped wp-block-gallery-2 is-layout-flex wp-block-gallery-is-layout-flex\">\n<figure class=\"wp-block-image size-full\"><img loading=\"lazy\" decoding=\"async\" width=\"940\" height=\"788\" data-id=\"201\" src=\"https:\/\/allonsalessentiel.fr\/wp-content\/uploads\/2026\/01\/3-2.png\" alt=\"\" class=\"wp-image-201\" srcset=\"https:\/\/allonsalessentiel.fr\/wp-content\/uploads\/2026\/01\/3-2.png 940w, https:\/\/allonsalessentiel.fr\/wp-content\/uploads\/2026\/01\/3-2-300x251.png 300w, https:\/\/allonsalessentiel.fr\/wp-content\/uploads\/2026\/01\/3-2-768x644.png 768w\" sizes=\"auto, (max-width: 940px) 100vw, 940px\" \/><\/figure>\n<\/figure>\n\n\n<\/div>\n<\/div><\/div>\n\n\n\n<div class=\"wp-block-group alignfull is-style-section-3 has-background has-global-padding is-content-justification-center is-layout-constrained wp-container-core-group-is-layout-2bdf8b68 wp-block-group-is-layout-constrained\" style=\"background-color:#b7c9b6;margin-top:0;margin-bottom:0;padding-top:var(--wp--preset--spacing--60);padding-bottom:var(--wp--preset--spacing--60)\">\n<div class=\"wp-block-group alignwide has-global-padding is-layout-constrained wp-block-group-is-layout-constrained\">\n<h1 class=\"wp-block-heading alignfull has-text-align-center\">\u00c9v\u00e9nements \u00e0 venir<\/h1>\n<\/div>\n\n\n\n<div class=\"wp-block-group alignwide is-layout-flow wp-block-group-is-layout-flow\">\n<div class=\"wp-block-group is-layout-flow wp-block-group-is-layout-flow\">\n<div class=\"wp-block-columns alignwide is-layout-flex wp-container-core-columns-is-layout-549b0c86 wp-block-columns-is-layout-flex\">\n<div class=\"wp-block-column is-layout-flow wp-container-core-column-is-layout-5dafc681 wp-block-column-is-layout-flow\">\n<div class=\"wp-block-group has-border-color is-vertical is-content-justification-center is-layout-flex wp-container-core-group-is-layout-ce155fab wp-block-group-is-layout-flex\" style=\"border-color:#e5ebe5;border-width:3px;border-top-left-radius:13px;border-top-right-radius:13px;border-bottom-left-radius:13px;border-bottom-right-radius:13px\">\n<h3 class=\"wp-block-heading has-text-align-center is-event-date\"><strong><em>R\u00e9union Publique<\/em><\/strong><\/h3>\n\n\n\n<div class=\"wp-block-group is-vertical is-content-justification-center is-layout-flex wp-container-core-group-is-layout-81423f52 wp-block-group-is-layout-flex\">\n<p class=\"is-event-venue\">Salle polyvalente<\/p>\n\n\n\n<p class=\"is-event-location\">Saint-Donan<\/p>\n<\/div>\n\n\n\n<p class=\"has-text-align-center is-event-link has-large-font-size\"><strong>Dimanche 1 Mars 16h30<\/strong><\/p>\n<\/div>\n\n\n\n\n<\/div>\n\n\n\n\n\n<div class=\"wp-block-column is-layout-flow wp-container-core-column-is-layout-5dafc681 wp-block-column-is-layout-flow\">\n<div class=\"wp-block-group has-border-color is-vertical is-content-justification-center is-layout-flex wp-container-core-group-is-layout-ce155fab wp-block-group-is-layout-flex\" style=\"border-color:#e5ebe5;border-width:3px;border-top-left-radius:13px;border-top-right-radius:13px;border-bottom-left-radius:13px;border-bottom-right-radius:13px\">\n<h3 class=\"wp-block-heading has-text-align-center is-event-date\"><strong><em>\u00c9lections municipales<\/em><\/strong><\/h3>\n\n\n\n<div class=\"wp-block-group is-vertical is-content-justification-center is-layout-flex wp-container-core-group-is-layout-81423f52 wp-block-group-is-layout-flex\">\n<p class=\"is-event-venue\">Salle polyvalente<\/p>\n\n\n\n<p class=\"is-event-location\">Saint-Donan<\/p>\n<\/div>\n\n\n\n<p class=\"has-text-align-center is-event-link has-large-font-size\"><strong>Dimanche 15 Mars 8h-18h<\/strong><\/p>\n<\/div>\n\n\n\n\n<\/div>\n<\/div>\n<\/div>\n<\/div>\n<\/div>\n\n\n\n<p class=\"has-text-align-center has-electric-grass-gradient-background has-text-color has-background has-link-color wp-elements-433c78661e14052a47a9cfa3789e0071\" style=\"color:#000000;font-size:clamp(50.171px, 3.136rem + ((1vw - 3.2px) * 5.662), 100px);\"><strong>L&#8217;ACTU<\/strong><\/p>\n\n\n\n<div class=\"wp-block-media-text alignwide is-stacked-on-mobile is-vertically-aligned-top\" style=\"grid-template-columns:54% auto\"><figure class=\"wp-block-media-text__media\"><video controls src=\"https:\/\/allonsalessentiel.fr\/wp-content\/uploads\/2026\/02\/Lincinerateur-en-projet-a-Plouvara-et-son-impact-sur-Saint-Donan2-1.mp4\"><\/video><\/figure><div class=\"wp-block-media-text__content\">\n<figure class=\"wp-block-image aligncenter size-full\"><img loading=\"lazy\" decoding=\"async\" width=\"670\" height=\"949\" src=\"https:\/\/allonsalessentiel.fr\/wp-content\/uploads\/2026\/02\/image.png\" alt=\"\" class=\"wp-image-302\" srcset=\"https:\/\/allonsalessentiel.fr\/wp-content\/uploads\/2026\/02\/image.png 670w, https:\/\/allonsalessentiel.fr\/wp-content\/uploads\/2026\/02\/image-212x300.png 212w\" sizes=\"auto, (max-width: 670px) 100vw, 670px\" \/><\/figure>\n<\/div><\/div>\n\n\n\n<div class=\"wp-block-columns alignfull is-layout-flex wp-container-core-columns-is-layout-28f84493 wp-block-columns-is-layout-flex\">\n<div class=\"wp-block-column is-layout-flow wp-block-column-is-layout-flow\" style=\"flex-basis:100%\"><\/div>\n<\/div>\n\n\n\n<p>Nous suivre sur FaceBook : <a href=\"https:\/\/www.facebook.com\/profile.php?id=61584796457999\"><mark style=\"background-color:rgba(0, 0, 0, 0);color:#1173c5\" class=\"has-inline-color\">Pour St-Donan, allons \u00e0 l&#8217;essentiel !<\/mark><\/a><\/p>\n","protected":false},"excerpt":{"rendered":"<p>Qui sommes nous et pourquoi avoir fait cette liste 1 Personnes souhaitent voter pour l&#8217;essentiel Nous connaissons Saint-Donan et ses besoins. Votre voix compte ici ! 5 ans Engagement Durable Cinq ans d\u02bc\u00e9coute et d\u02bcactions pour notre belle commune. Ensemble, avan\u00e7ons ! 17 \u00c9quipe Diversifi\u00e9e Une \u00e9quipe de 17 candidats unis pour faire briller Saint-Donan [&hellip;]<\/p>\n","protected":false},"author":1,"featured_media":0,"parent":0,"menu_order":0,"comment_status":"closed","ping_status":"closed","template":"","meta":{"footnotes":""},"class_list":["post-18","page","type-page","status-publish","hentry"],"jetpack_sharing_enabled":true,"_links":{"self":[{"href":"https:\/\/allonsalessentiel.fr\/index.php\/wp-json\/wp\/v2\/pages\/18","targetHints":{"allow":["GET"]}}],"collection":[{"href":"https:\/\/allonsalessentiel.fr\/index.php\/wp-json\/wp\/v2\/pages"}],"about":[{"href":"https:\/\/allonsalessentiel.fr\/index.php\/wp-json\/wp\/v2\/types\/page"}],"author":[{"embeddable":true,"href":"https:\/\/allonsalessentiel.fr\/index.php\/wp-json\/wp\/v2\/users\/1"}],"replies":[{"embeddable":true,"href":"https:\/\/allonsalessentiel.fr\/index.php\/wp-json\/wp\/v2\/comments?post=18"}],"version-history":[{"count":96,"href":"https:\/\/allonsalessentiel.fr\/index.php\/wp-json\/wp\/v2\/pages\/18\/revisions"}],"predecessor-version":[{"id":317,"href":"https:\/\/allonsalessentiel.fr\/index.php\/wp-json\/wp\/v2\/pages\/18\/revisions\/317"}],"wp:attachment":[{"href":"https:\/\/allonsalessentiel.fr\/index.php\/wp-json\/wp\/v2\/media?parent=18"}],"curies":[{"name":"wp","href":"https:\/\/api.w.org\/{rel}","templated":true}]}}