{"id":22,"date":"2025-12-14T16:58:02","date_gmt":"2025-12-14T16:58:02","guid":{"rendered":"https:\/\/allonsalessentiel.fr\/?page_id=22"},"modified":"2026-02-25T22:54:40","modified_gmt":"2026-02-25T22:54:40","slug":"prio-3","status":"publish","type":"page","link":"https:\/\/allonsalessentiel.fr\/index.php\/prio-3\/","title":{"rendered":"Nos projets"},"content":{"rendered":"\n<div class=\"wp-block-cover alignfull is-light\" style=\"min-height:202px;aspect-ratio:unset;\"><img decoding=\"async\" class=\"wp-block-cover__image-background wp-image-2590\" alt=\"\" src=\"https:\/\/tyler.com\/wp-content\/uploads\/2023\/11\/Stone-Practice-Hero-Sec-Image.jpeg\" style=\"object-position:50% 20%\" data-object-fit=\"cover\" data-object-position=\"50% 20%\"\/><span aria-hidden=\"true\" class=\"wp-block-cover__background has-background-dim-100 has-background-dim\" style=\"background-color:#e5ebe5\"><\/span><div class=\"wp-block-cover__inner-container has-global-padding is-layout-constrained wp-container-core-cover-is-layout-4383d167 wp-block-cover-is-layout-constrained\">\n\n\n<h1 class=\"wp-block-heading has-text-align-center has-text-color has-background has-link-color has-young-serif-regular-font-family wp-elements-01dfdf31b46d80085fe747aaf23bf780\" style=\"color:#2c5b2c;background-color:#e5ebe5;font-size:clamp(39.538px, 2.471rem + ((1vw - 3.2px) * 3.916), 74px);font-style:normal;font-weight:400;text-transform:uppercase\"><br><em>Allons \u00e0 l&#8217;essentiel !<\/em><\/h1>\n<\/div><\/div>\n\n\n\n<div class=\"wp-block-cover alignfull is-light\" style=\"margin-top:0px;margin-bottom:0px;padding-top:5.5rem;padding-bottom:5rem\"><img decoding=\"async\" class=\"wp-block-cover__image-background wp-image-1454\" alt=\"\" src=\"https:\/\/tyler.com\/wp-content\/uploads\/2023\/11\/stone-practice-area.jpg\" data-object-fit=\"cover\"\/><span aria-hidden=\"true\" class=\"wp-block-cover__background has-background-dim-100 has-background-dim\" style=\"background-color:#829895\"><\/span><div class=\"wp-block-cover__inner-container has-global-padding is-layout-constrained wp-container-core-cover-is-layout-1a6a27b1 wp-block-cover-is-layout-constrained\">\n<section class=\"wp-block-group has-text-color has-global-padding is-layout-constrained wp-container-core-group-is-layout-3cc50672 wp-block-group-is-layout-constrained\" style=\"border-style:none;border-width:0px;color:#ffffff;margin-top:0px;padding-top:1rem;padding-right:1rem;padding-bottom:0rem;padding-left:1rem;font-size:clamp(0.875rem, 0.875rem + ((1vw - 0.2rem) * 0.464), 1.13rem);font-style:normal;font-weight:400;line-height:1.4\">\n<div class=\"wp-block-group has-background has-global-padding is-layout-constrained wp-block-group-is-layout-constrained\" style=\"border-top-left-radius:100px;border-top-right-radius:100px;border-bottom-left-radius:100px;border-bottom-right-radius:100px;background-color:#53a55c9c;padding-bottom:2rem\">\n<h2 class=\"wp-block-heading alignwide has-text-align-center has-text-color has-link-color wp-elements-116ecf1832147260845d11e5a7e639a3\" style=\"color:#ffffff;font-size:clamp(3.155rem, 3.155rem + ((1vw - 0.2rem) * 5.718), 6.3rem);font-style:normal;font-weight:500;letter-spacing:0px;text-decoration:underline;text-transform:uppercase\"><strong>Nos projets<\/strong><\/h2>\n<\/div>\n\n\n\n<div class=\"wp-block-columns is-layout-flex wp-container-core-columns-is-layout-0c0b91ec wp-block-columns-is-layout-flex\">\n<div class=\"wp-block-column has-global-padding is-layout-constrained wp-container-core-column-is-layout-702d80fa wp-block-column-is-layout-constrained\" style=\"padding-bottom:1rem\">\n<div class=\"wp-block-group alignfull has-border-color has-global-padding is-layout-constrained wp-container-core-group-is-layout-4f9f0532 wp-block-group-is-layout-constrained\" style=\"border-color:#8f94a0;border-style:solid;border-width:1px\">\n<div class=\"wp-block-group is-vertical is-content-justification-center is-layout-flex wp-container-core-group-is-layout-7026edc8 wp-block-group-is-layout-flex\" style=\"padding-top:2.1rem;padding-bottom:2.1rem\">\n\n\n\n\n<p class=\"has-text-align-center has-text-color has-link-color has-large-font-size wp-elements-2d2e64edc8437c33c91edfe04771275f\" style=\"color:#ffffff\"><strong>LA SANT\u00c9<\/strong><\/p>\n\n\n\n<figure class=\"wp-block-image size-full has-custom-border\"><img loading=\"lazy\" decoding=\"async\" width=\"1024\" height=\"1024\" src=\"http:\/\/allonsalessentiel.fr\/wp-content\/uploads\/2025\/12\/emociatone-sante.png\" alt=\"\" class=\"wp-image-142\" style=\"border-style:none;border-width:0px;border-top-left-radius:100px;border-top-right-radius:100px;border-bottom-left-radius:100px;border-bottom-right-radius:100px\" srcset=\"https:\/\/allonsalessentiel.fr\/wp-content\/uploads\/2025\/12\/emociatone-sante.png 1024w, https:\/\/allonsalessentiel.fr\/wp-content\/uploads\/2025\/12\/emociatone-sante-300x300.png 300w, https:\/\/allonsalessentiel.fr\/wp-content\/uploads\/2025\/12\/emociatone-sante-150x150.png 150w, https:\/\/allonsalessentiel.fr\/wp-content\/uploads\/2025\/12\/emociatone-sante-768x768.png 768w\" sizes=\"auto, (max-width: 1024px) 100vw, 1024px\" \/><\/figure>\n\n\n\n<div class=\"wp-block-group has-global-padding is-layout-constrained wp-block-group-is-layout-constrained\">\n<div class=\"wp-block-columns is-layout-flex wp-container-core-columns-is-layout-28f84493 wp-block-columns-is-layout-flex\">\n<div class=\"wp-block-column is-layout-flow wp-block-column-is-layout-flow\" style=\"flex-basis:100%\">\n<div class=\"wp-block-columns is-layout-flex wp-container-core-columns-is-layout-28f84493 wp-block-columns-is-layout-flex\">\n<div class=\"wp-block-column is-layout-flow wp-block-column-is-layout-flow\">\n<p class=\"has-text-align-center has-medium-font-size\"><strong>L&#8217;essentiel, c&#8217;est d&#8217;abord pr\u00e9server la sant\u00e9 des Donanais<\/strong>.<\/p>\n\n\n\n<p class=\"has-text-color has-link-color wp-elements-1ea74674adcace46ce4611fa656f0fc8\" style=\"color:#000000;text-decoration:underline\"><strong>1- En prot\u00e9geant notre environnement<\/strong><\/p>\n\n\n\n<ul class=\"wp-block-list\">\n<li>Non aux CSR (combustibles solides de r\u00e9cup\u00e9ration) ! Nous soutenons l\u2019association l\u2019Avie dans son combat contre l\u2019installation sur le site de la Secanim d\u2019une chaudi\u00e8re d\u2019incin\u00e9ration des d\u00e9chets issus des poubelles jaunes et de la benne \u201ctout-venant\u201d de la d\u00e9ch\u00e8terie. Les polluants issus des CSR ne doivent pas mettre en danger la sant\u00e9 des habitants de St-Donan ni celle de sa faune et de sa flore !<\/li>\n\n\n\n<li>Non aux m\u00e9ga-\u00e9oliennes qui g\u00e2chent les paysages, perturbent la Nature et la vie des riverains !<\/li>\n\n\n\n<li>Nous sommes tous exasp\u00e9r\u00e9s par les odeurs de la Secanim. Exigeons un plan d\u2019am\u00e9lioration visant \u00e0 r\u00e9duiredurablement ces nuisances en incluant un d\u2019am\u00e9lioration visant \u00e0 r\u00e9duire calendrier d\u2019ex\u00e9cution. <\/li>\n<\/ul>\n\n\n\n<p class=\"has-text-color has-link-color wp-elements-8f2f390894dd5596c5205c08110c6e01\" style=\"color:#000000;text-decoration:underline\"><strong>2- En permettant l\u2019acc\u00e8s aux soins m\u00e9dicaux<\/strong><\/p>\n\n\n\n<ul class=\"wp-block-list\">\n<li>Nous nous engageons \u00e0 tout mettre en \u0153uvre pour attirer des professionnels de sant\u00e9 et les installer dans la maison m\u00e9dicale.<\/li>\n<\/ul>\n<\/div>\n<\/div>\n<\/div>\n<\/div>\n<\/div>\n<\/div>\n<\/div>\n<\/div>\n\n\n\n\n\n<div class=\"wp-block-column has-global-padding is-layout-constrained wp-container-core-column-is-layout-702d80fa wp-block-column-is-layout-constrained\" style=\"padding-bottom:1rem\">\n<div class=\"wp-block-group alignfull has-border-color has-global-padding is-layout-constrained wp-container-core-group-is-layout-4f9f0532 wp-block-group-is-layout-constrained\" style=\"border-color:#8f94a0;border-style:solid;border-width:1px\">\n<div class=\"wp-block-group is-vertical is-content-justification-center is-layout-flex wp-container-core-group-is-layout-7026edc8 wp-block-group-is-layout-flex\" style=\"padding-top:2.1rem;padding-bottom:2.1rem\">\n\n\n\n\n<p class=\"has-text-align-center has-text-color has-link-color has-large-font-size wp-elements-86e97f5801133bfba4fe35b7f00148ec\" style=\"color:#ffffff\"><strong>L&#8217;ESPRIT DE VILLAGE<\/strong><\/p>\n\n\n\n<figure class=\"wp-block-image size-full has-custom-border\"><img loading=\"lazy\" decoding=\"async\" width=\"1024\" height=\"1024\" src=\"http:\/\/allonsalessentiel.fr\/wp-content\/uploads\/2025\/12\/ChatGPT-Image-21-dec.-2025-22_00_08.png\" alt=\"\" class=\"wp-image-149\" style=\"border-style:none;border-width:0px;border-top-left-radius:100px;border-top-right-radius:100px;border-bottom-left-radius:100px;border-bottom-right-radius:100px\" srcset=\"https:\/\/allonsalessentiel.fr\/wp-content\/uploads\/2025\/12\/ChatGPT-Image-21-dec.-2025-22_00_08.png 1024w, https:\/\/allonsalessentiel.fr\/wp-content\/uploads\/2025\/12\/ChatGPT-Image-21-dec.-2025-22_00_08-300x300.png 300w, https:\/\/allonsalessentiel.fr\/wp-content\/uploads\/2025\/12\/ChatGPT-Image-21-dec.-2025-22_00_08-150x150.png 150w, https:\/\/allonsalessentiel.fr\/wp-content\/uploads\/2025\/12\/ChatGPT-Image-21-dec.-2025-22_00_08-768x768.png 768w\" sizes=\"auto, (max-width: 1024px) 100vw, 1024px\" \/><\/figure>\n\n\n\n<div class=\"wp-block-group has-global-padding is-layout-constrained wp-block-group-is-layout-constrained\">\n<div class=\"wp-block-columns is-layout-flex wp-container-core-columns-is-layout-28f84493 wp-block-columns-is-layout-flex\">\n<div class=\"wp-block-column is-layout-flow wp-block-column-is-layout-flow\" style=\"flex-basis:100%\">\n<div class=\"wp-block-columns is-layout-flex wp-container-core-columns-is-layout-28f84493 wp-block-columns-is-layout-flex\">\n<div class=\"wp-block-column is-layout-flow wp-block-column-is-layout-flow\">\n<p class=\"has-text-align-center has-medium-font-size\"><strong>L\u2019essentiel, c&#8217;est ensuite maintenir et d\u00e9velopper l&#8217;esprit de village.<\/strong><\/p>\n\n\n\n<p class=\"has-text-color has-link-color wp-elements-b9d8ed28e50b14e60c29778d718f0f6a\" style=\"color:#010000;text-decoration:underline\"><strong>1- En soutenant nos commerces<\/strong><\/p>\n\n\n\n<ul class=\"wp-block-list\">\n<li>Encourageons le d\u00e9veloppement des commerces et du march\u00e9 du mercredi.<\/li>\n\n\n\n<li>Etudions l\u2019implantation d\u2019une \u00e9picerie proposant des produits locaux.<\/li>\n\n\n\n<li>Cr\u00e9ons un relais Poste.<\/li>\n\n\n\n<li>Soutenons nos artisans, professions lib\u00e9rales et entreprises.<\/li>\n<\/ul>\n\n\n\n<p class=\"has-text-color has-link-color wp-elements-00c38fb0793699e23d07ad13b8d2c566\" style=\"color:#000000;text-decoration:underline\"><strong>2- En favorisant le bien-vivre ensemble<\/strong><\/p>\n\n\n\n<ul class=\"wp-block-list\">\n<li>Organisons des moments de convivialit\u00e9 : temps forts \u00e0 No\u00ebl, chasse aux \u0153ufs, f\u00eate de la musique, animations de l\u2019\u00e9t\u00e9\u2026<\/li>\n\n\n\n<li>Nous nous engageons \u00e0 soutenir les associations sportives et culturelles de Saint- Donan.<\/li>\n\n\n\n<li>Pour tout cela, r\u00e9novons la salle polyvalente.<\/li>\n\n\n\n<li>Nous am\u00e9liorerons les outils de communication entre nous : mise \u00e0 jour r\u00e9guli\u00e8re du site internet, envoi de sms pour les informations d\u2019urgence.<\/li>\n\n\n\n<li>Nous proposerons des activit\u00e9s pour les Seniors (ex : ateliers sant\u00e9, num\u00e9rique\u2026) et encouragerons la cr\u00e9ation d\u2019un club du 3 \u00e2ge.<\/li>\n\n\n\n<li>Soutenons la mise en place de projets interg\u00e9n\u00e9rationnels : tutorat scolaire, transmission de la m\u00e9moire du village, soutien des personnes \u00e2g\u00e9es isol\u00e9es.<\/li>\n\n\n\n<li>Am\u00e9liorons visuellement les entr\u00e9es du bourg pour un meilleur accueil.<\/li>\n<\/ul>\n<\/div>\n<\/div>\n<\/div>\n<\/div>\n<\/div>\n<\/div>\n<\/div>\n<\/div>\n<\/div>\n\n\n\n<div class=\"wp-block-columns is-layout-flex wp-container-core-columns-is-layout-0c0b91ec wp-block-columns-is-layout-flex\">\n<div class=\"wp-block-column has-global-padding is-layout-constrained wp-container-core-column-is-layout-702d80fa wp-block-column-is-layout-constrained\" style=\"padding-bottom:1rem\">\n<div class=\"wp-block-group alignfull has-border-color has-global-padding is-layout-constrained wp-container-core-group-is-layout-4f9f0532 wp-block-group-is-layout-constrained\" style=\"border-color:#8f94a0;border-style:solid;border-width:1px\">\n<div class=\"wp-block-group is-vertical is-content-justification-center is-layout-flex wp-container-core-group-is-layout-7026edc8 wp-block-group-is-layout-flex\" style=\"padding-top:2.1rem;padding-bottom:2.1rem\">\n\n\n\n\n<p class=\"has-text-align-center has-text-color has-link-color has-large-font-size wp-elements-6eb1354390aa25f27d39c5236794a4da\" style=\"color:#ffffff\"><strong>NOS ENFANTS<\/strong><\/p>\n\n\n\n<figure class=\"wp-block-image size-full has-custom-border\"><img loading=\"lazy\" decoding=\"async\" width=\"1536\" height=\"1024\" src=\"http:\/\/allonsalessentiel.fr\/wp-content\/uploads\/2025\/12\/ChatGPT-Image-21-dec.-2025-21_38_57.png\" alt=\"\" class=\"wp-image-148\" style=\"border-style:none;border-width:0px;border-top-left-radius:100px;border-top-right-radius:100px;border-bottom-left-radius:100px;border-bottom-right-radius:100px\" srcset=\"https:\/\/allonsalessentiel.fr\/wp-content\/uploads\/2025\/12\/ChatGPT-Image-21-dec.-2025-21_38_57.png 1536w, https:\/\/allonsalessentiel.fr\/wp-content\/uploads\/2025\/12\/ChatGPT-Image-21-dec.-2025-21_38_57-300x200.png 300w, https:\/\/allonsalessentiel.fr\/wp-content\/uploads\/2025\/12\/ChatGPT-Image-21-dec.-2025-21_38_57-1024x683.png 1024w, https:\/\/allonsalessentiel.fr\/wp-content\/uploads\/2025\/12\/ChatGPT-Image-21-dec.-2025-21_38_57-768x512.png 768w\" sizes=\"auto, (max-width: 1536px) 100vw, 1536px\" \/><\/figure>\n\n\n\n<div class=\"wp-block-group has-global-padding is-layout-constrained wp-block-group-is-layout-constrained\">\n<div class=\"wp-block-columns is-layout-flex wp-container-core-columns-is-layout-28f84493 wp-block-columns-is-layout-flex\">\n<div class=\"wp-block-column is-layout-flow wp-block-column-is-layout-flow\" style=\"flex-basis:100%\">\n<div class=\"wp-block-columns is-layout-flex wp-container-core-columns-is-layout-28f84493 wp-block-columns-is-layout-flex\">\n<div class=\"wp-block-column is-layout-flow wp-block-column-is-layout-flow\">\n<p class=\"has-text-align-center has-medium-font-size\"><strong>L&#8217;essentiel, c&#8217;est aussi de prendre soin de nos enfants et nos jeunes<\/strong>.<\/p>\n\n\n\n<p class=\"has-text-color has-link-color wp-elements-ae0f4636d73bdb9a912afc6cdf0b01d1\" style=\"color:#000000;text-decoration:underline\"><strong>1- En facilitant la garde des tout-petits<\/strong><\/p>\n\n\n\n<ul class=\"wp-block-list\">\n<li>Nous soutenons la cr\u00e9ation d\u2019une micro-cr\u00e8che ou MAM = une maison d\u2019assistantes maternelles pour offrir de nouvelles solutions de garde aux tout-petits.<\/li>\n\n\n\n<li>Nous souhaitons am\u00e9liorer l\u2019offre de centre de loisirs le mercredi et pendant les vacances scolaires.<\/li>\n<\/ul>\n\n\n\n<p class=\"has-text-color has-link-color wp-elements-6c1f40596c258f31d4c1b16d214498e6\" style=\"color:#000000;text-decoration:underline\"><strong>2- En les accompagnant dans leur scolarit\u00e9<\/strong><\/p>\n\n\n\n<ul class=\"wp-block-list\">\n<li>R\u00e9parons, entretenons et am\u00e9liorons les b\u00e2timents et les structures utilis\u00e9s par les enfants en \u00e9tant \u00e0 l\u2019\u00e9coute des parents et de l\u2019\u00e9quipe p\u00e9dagogique. Nous souhaitons am\u00e9liorer les solutions de transport des coll\u00e9giens et lyc\u00e9ens en lien avec l\u2019agglom\u00e9ration et les familles.<\/li>\n<\/ul>\n\n\n\n<p class=\"has-text-color has-link-color wp-elements-cfa0d78743082b16a81d766adf1f01b2\" style=\"color:#000000;text-decoration:underline\"><strong>3- En leur offrant des activit\u00e9s et des animations au village.<\/strong><\/p>\n\n\n\n<ul class=\"wp-block-list\">\n<li>Nous proposerons un espace de jeux (nouvelles structures) et de sport (parcours sant\u00e9) pour les grands comme pour les petits.<\/li>\n\n\n\n<li>Nous encouragerons les activit\u00e9s Nature et notamment la cr\u00e9ation et l\u2019entretien d\u2019un potager par les enfants pour qu\u2019eux aussi sachent aller \u00e0 l\u2019essentiel !<\/li>\n\n\n\n<li>Nous souhaitons cr\u00e9er un espace pour les adolescents avec des jeux de soci\u00e9t\u00e9, un babyfoot\u2026<\/li>\n\n\n\n<li>Nous \u00e9tudierons la faisabilit\u00e9 d\u2019une salle multisports.<\/li>\n\n\n\n<li>Donnons un vrai r\u00f4le au Conseil Municipal des Enfants !<\/li>\n<\/ul>\n<\/div>\n<\/div>\n<\/div>\n<\/div>\n<\/div>\n<\/div>\n<\/div>\n<\/div>\n\n\n\n<div class=\"wp-block-column has-global-padding is-layout-constrained wp-container-core-column-is-layout-702d80fa wp-block-column-is-layout-constrained\" style=\"padding-bottom:1rem\">\n<div class=\"wp-block-group alignfull has-border-color has-global-padding is-layout-constrained wp-container-core-group-is-layout-4f9f0532 wp-block-group-is-layout-constrained\" style=\"border-color:#8f94a0;border-style:solid;border-width:1px\">\n<div class=\"wp-block-group is-vertical is-content-justification-center is-layout-flex wp-container-core-group-is-layout-7026edc8 wp-block-group-is-layout-flex\" style=\"padding-top:2.1rem;padding-bottom:2.1rem\">\n\n\n\n\n<p class=\"has-text-align-center has-text-color has-link-color has-large-font-size wp-elements-cefed3481b9fa4e10fd47154eba51756\" style=\"color:#ffffff\"><strong>SE D\u00c9PLACER<\/strong><\/p>\n\n\n\n<figure class=\"wp-block-image size-full has-custom-border\"><img loading=\"lazy\" decoding=\"async\" width=\"1536\" height=\"1024\" src=\"http:\/\/allonsalessentiel.fr\/wp-content\/uploads\/2025\/12\/ChatGPT-Image-21-dec.-2025-15_51_32.png\" alt=\"\" class=\"wp-image-145\" style=\"border-style:none;border-width:0px;border-top-left-radius:100px;border-top-right-radius:100px;border-bottom-left-radius:100px;border-bottom-right-radius:100px\" srcset=\"https:\/\/allonsalessentiel.fr\/wp-content\/uploads\/2025\/12\/ChatGPT-Image-21-dec.-2025-15_51_32.png 1536w, https:\/\/allonsalessentiel.fr\/wp-content\/uploads\/2025\/12\/ChatGPT-Image-21-dec.-2025-15_51_32-300x200.png 300w, https:\/\/allonsalessentiel.fr\/wp-content\/uploads\/2025\/12\/ChatGPT-Image-21-dec.-2025-15_51_32-1024x683.png 1024w, https:\/\/allonsalessentiel.fr\/wp-content\/uploads\/2025\/12\/ChatGPT-Image-21-dec.-2025-15_51_32-768x512.png 768w\" sizes=\"auto, (max-width: 1536px) 100vw, 1536px\" \/><\/figure>\n\n\n\n<div class=\"wp-block-group has-global-padding is-layout-constrained wp-block-group-is-layout-constrained\">\n<div class=\"wp-block-columns is-layout-flex wp-container-core-columns-is-layout-28f84493 wp-block-columns-is-layout-flex\">\n<div class=\"wp-block-column is-layout-flow wp-block-column-is-layout-flow\" style=\"flex-basis:100%\">\n<div class=\"wp-block-columns is-layout-flex wp-container-core-columns-is-layout-28f84493 wp-block-columns-is-layout-flex\">\n<div class=\"wp-block-column is-layout-flow wp-block-column-is-layout-flow\">\n<p class=\"has-text-align-center has-medium-font-size\"><strong>L\u2019essentiel, c&#8217;est mieux se d\u00e9placer.<\/strong><\/p>\n\n\n\n<p class=\"has-text-color has-link-color wp-elements-c80cdf240bc74f2535c35ce6ce23ab06\" style=\"color:#000000;text-decoration:underline\"><strong>1- En voiture<\/strong><\/p>\n\n\n\n<ul class=\"wp-block-list\">\n<li>En concertation avec les habitants, cherchons des moyens raisonnables de r\u00e9duire la vitesse dans le bourg et dans certains lieux-dits.<\/li>\n\n\n\n<li>Nous am\u00e9liorerons r\u00e9guli\u00e8rement la voirie et entretiendrons les douves.<\/li>\n\n\n\n<li>D\u00e9fendons le projet initial de rocade de d\u00e9viation sud de Saint-Brieuc et la s\u00e9curisation du carrefour du Pont-Noir.<\/li>\n<\/ul>\n\n\n\n<p class=\"has-text-color has-link-color wp-elements-3faf0c1578894bd6e0c1088732fb6384\" style=\"color:#000000;text-decoration:underline\"><strong>2- \u00c0 pied ou \u00e0 v\u00e9lo<\/strong><\/p>\n\n\n\n<ul class=\"wp-block-list\">\n<li>Cr\u00e9ons des liaisons douces pour les pi\u00e9tons et les v\u00e9los \u00e0 proximit\u00e9 du bourg.<\/li>\n\n\n\n<li>Perfectionnons l\u2019\u00e9clairage public notamment au niveau des \u00e9coles et des arr\u00eats de bus.<\/li>\n\n\n\n<li>Signalisons mieux nos promenades et notre patrimoine naturel autour du Gou\u00ebt et de la Maudouve.<\/li>\n<\/ul>\n<\/div>\n<\/div>\n<\/div>\n<\/div>\n<\/div>\n<\/div>\n<\/div>\n<\/div>\n<\/div>\n<\/section>\n\n\n\n<p class=\"has-text-align-center has-text-color has-link-color has-large-font-size wp-elements-27ad6f2421628db4dcf42a0a380659a9\" style=\"color:#ffffff\"><strong>L&#8217;essentiel, c&#8217;est l&#8217;avenir de la commune<\/strong><\/p>\n\n\n\n<figure class=\"wp-block-image aligncenter size-full is-resized has-custom-border is-style-default\" style=\"margin-top:0;margin-right:0;margin-bottom:0;margin-left:0\"><img loading=\"lazy\" decoding=\"async\" width=\"1536\" height=\"1024\" src=\"https:\/\/allonsalessentiel.fr\/wp-content\/uploads\/2026\/02\/ChatGPT-Image-25-fevr.-2026-23_50_39.png\" alt=\"\" class=\"wp-image-341\" style=\"border-top-left-radius:100px;border-top-right-radius:100px;border-bottom-left-radius:100px;border-bottom-right-radius:100px;aspect-ratio:1.7777777777777777;object-fit:cover;width:624px;height:auto\" srcset=\"https:\/\/allonsalessentiel.fr\/wp-content\/uploads\/2026\/02\/ChatGPT-Image-25-fevr.-2026-23_50_39.png 1536w, https:\/\/allonsalessentiel.fr\/wp-content\/uploads\/2026\/02\/ChatGPT-Image-25-fevr.-2026-23_50_39-300x200.png 300w, https:\/\/allonsalessentiel.fr\/wp-content\/uploads\/2026\/02\/ChatGPT-Image-25-fevr.-2026-23_50_39-1024x683.png 1024w, https:\/\/allonsalessentiel.fr\/wp-content\/uploads\/2026\/02\/ChatGPT-Image-25-fevr.-2026-23_50_39-768x512.png 768w\" sizes=\"auto, (max-width: 1536px) 100vw, 1536px\" \/><\/figure>\n\n\n\n<div class=\"wp-block-columns is-layout-flex wp-container-core-columns-is-layout-28f84493 wp-block-columns-is-layout-flex\">\n<div class=\"wp-block-column is-layout-flow wp-block-column-is-layout-flow\">\n<div class=\"wp-block-group is-vertical is-layout-flex wp-container-core-group-is-layout-fe9cc265 wp-block-group-is-layout-flex\">\n<div class=\"wp-block-columns alignwide are-vertically-aligned-center is-layout-flex wp-container-core-columns-is-layout-28f84493 wp-block-columns-is-layout-flex\" style=\"border-style:none;border-width:0px;border-top-left-radius:0px;border-top-right-radius:0px;border-bottom-left-radius:0px;border-bottom-right-radius:0px\">\n<div class=\"wp-block-column is-vertically-aligned-center is-layout-flow wp-block-column-is-layout-flow\" style=\"flex-basis:60%\">\n<p class=\"has-text-color has-link-color wp-elements-2f8a7b2fe1bad49eafd6197f7a02467c\" style=\"color:#000000;text-decoration:underline\"><strong>1- Par une gestion claire et responsable<\/strong><\/p>\n\n\n\n<ul class=\"wp-block-list\">\n<li class=\"has-text-color has-link-color wp-elements-100c4367245f023a1977606861d724c5\" style=\"color:#ffffff\">D\u00e9veloppons des programmes d\u2019habitats en harmonie avec le village afin de favoriser l\u2019installation de nouveaux Donanais.<\/li>\n\n\n\n<li class=\"has-text-color has-link-color wp-elements-ce877a456d172dd0dc31d01f53f2b959\" style=\"color:#ffffff\">Faisons entendre la voix de Saint-Donan au sein de l\u2019agglom\u00e9ration.<\/li>\n\n\n\n<li class=\"has-text-color has-link-color wp-elements-4f08e6c7aba0f0425aa774f92f06f23b\" style=\"color:#ffffff\">Rationalisons et ma\u00eetrisons les d\u00e9penses communales.<\/li>\n<\/ul>\n\n\n\n<p class=\"has-text-color has-link-color wp-elements-26cb00e1964a8941db49bb2f01bcbae0\" style=\"color:#000000;text-decoration:underline\"><strong>2- Par une organisation de la vie en locales<\/strong><\/p>\n\n\n\n<ul style=\"color:#ffffff\" class=\"wp-block-list has-text-color has-link-color wp-elements-ea35d90a6d297df64fb46329954e1a66\">\n<li>Nous consulterons les Donanais sur les sujets clefs en encourageant la participation et l\u2019expression des avis \u00e0 travers divers outils de consultation.<\/li>\n\n\n\n<li>Recensons nos comp\u00e9tences, nos ressources pour une consommation et organisation locales et responsables.<\/li>\n\n\n\n<li>Etudions la possibilit\u00e9 d\u2019outils en commun au service des habitants (lieu de compost, broyeur \u00e0 branches\u2026)<\/li>\n\n\n\n<li>Plantons des arbres, surtout fruitiers, autour de la Maison pour Tous et encourageons chacun \u00e0 en planter chez soi.<\/li>\n\n\n\n<li>Encourageons l\u2019installation chez chaque Donanais d\u2019un syst\u00e8me de filtrage de l\u2019eau par la n\u00e9gociation de prix pour r\u00e9duire les d\u00e9chets de bouteilles plastiques et consommer une eau de qualit\u00e9 ainsi que des aliments cuits dans une eau saine.<\/li>\n\n\n\n<li>Etudions la possibilit\u00e9 d\u2019achats group\u00e9s pour les Donanais (mutuelle, \u00e9nergie\u2026).<\/li>\n<\/ul>\n<\/div>\n<\/div>\n<\/div>\n<\/div>\n<\/div>\n<\/div><\/div>\n\n\n\n\n\n\n\n<p><\/p>\n","protected":false},"excerpt":{"rendered":"<p>\u00c9coute Active **\u00c9coute Active** \u00c0 Saint-Donan, nous croyons que chaque voix compte. Notre service d\u02bc\u00e9coute active permet \u00e0 tous les citoyens de partager leurs id\u00e9es et pr\u00e9occupations. Nous nous engageons \u00e0 entendre chaque suggestion, qu\u02bcelle soit grande ou petite. Gr\u00e2ce \u00e0 des rencontres r\u00e9guli\u00e8res et des \u00e9changes ouverts, nous cr\u00e9ons un espace o\u00f9 vos opinions [&hellip;]<\/p>\n","protected":false},"author":1,"featured_media":0,"parent":0,"menu_order":0,"comment_status":"closed","ping_status":"closed","template":"","meta":{"footnotes":""},"class_list":["post-22","page","type-page","status-publish","hentry"],"jetpack_sharing_enabled":true,"_links":{"self":[{"href":"https:\/\/allonsalessentiel.fr\/index.php\/wp-json\/wp\/v2\/pages\/22","targetHints":{"allow":["GET"]}}],"collection":[{"href":"https:\/\/allonsalessentiel.fr\/index.php\/wp-json\/wp\/v2\/pages"}],"about":[{"href":"https:\/\/allonsalessentiel.fr\/index.php\/wp-json\/wp\/v2\/types\/page"}],"author":[{"embeddable":true,"href":"https:\/\/allonsalessentiel.fr\/index.php\/wp-json\/wp\/v2\/users\/1"}],"replies":[{"embeddable":true,"href":"https:\/\/allonsalessentiel.fr\/index.php\/wp-json\/wp\/v2\/comments?post=22"}],"version-history":[{"count":17,"href":"https:\/\/allonsalessentiel.fr\/index.php\/wp-json\/wp\/v2\/pages\/22\/revisions"}],"predecessor-version":[{"id":342,"href":"https:\/\/allonsalessentiel.fr\/index.php\/wp-json\/wp\/v2\/pages\/22\/revisions\/342"}],"wp:attachment":[{"href":"https:\/\/allonsalessentiel.fr\/index.php\/wp-json\/wp\/v2\/media?parent=22"}],"curies":[{"name":"wp","href":"https:\/\/api.w.org\/{rel}","templated":true}]}}